{"id":18378,"date":"2020-11-23T19:36:48","date_gmt":"2020-11-23T19:36:48","guid":{"rendered":"https:\/\/lahipotecaria.com\/viviendas\/colombia\/?page_id=18378"},"modified":"2020-12-17T18:24:10","modified_gmt":"2020-12-17T18:24:10","slug":"diagnostico-en-linea","status":"publish","type":"page","link":"https:\/\/viviendas.lahipotecaria.com\/colombia\/diagnostico-en-linea\/","title":{"rendered":"Diagnostico en linea"},"content":{"rendered":"\t\t<div data-elementor-type=\"wp-page\" data-elementor-id=\"18378\" class=\"elementor elementor-18378\" data-elementor-settings=\"[]\">\n\t\t\t\t\t\t<div class=\"elementor-inner\">\n\t\t\t\t\t\t\t<div class=\"elementor-section-wrap\">\n\t\t\t\t\t\t\t<section class=\"elementor-section elementor-top-section elementor-element elementor-element-50ce1054 elementor-section-height-min-height elementor-section-boxed elementor-section-height-default elementor-section-items-middle\" data-id=\"50ce1054\" data-element_type=\"section\" data-settings=\"{&quot;background_background&quot;:&quot;classic&quot;}\">\n\t\t\t\t\t\t<div class=\"elementor-container elementor-column-gap-default\">\n\t\t\t\t\t\t\t<div class=\"elementor-row\">\n\t\t\t\t\t<div class=\"elementor-column elementor-col-100 elementor-top-column elementor-element elementor-element-1a9b0f07\" data-id=\"1a9b0f07\" data-element_type=\"column\" data-settings=\"{&quot;background_background&quot;:&quot;classic&quot;}\">\n\t\t\t<div class=\"elementor-column-wrap elementor-element-populated\">\n\t\t\t\t\t\t\t<div class=\"elementor-widget-wrap\">\n\t\t\t\t\t\t<div class=\"elementor-element elementor-element-2f4e4bbe elementor-widget elementor-widget-heading\" data-id=\"2f4e4bbe\" data-element_type=\"widget\" data-widget_type=\"heading.default\">\n\t\t\t\t<div class=\"elementor-widget-container\">\n\t\t\t<h2 class=\"elementor-heading-title elementor-size-default\">Haz tu diagn\u00f3stico en linea<\/h2>\t\t<\/div>\n\t\t\t\t<\/div>\n\t\t\t\t<div class=\"elementor-element elementor-element-67cc8224 elementor-widget elementor-widget-text-editor\" data-id=\"67cc8224\" data-element_type=\"widget\" data-widget_type=\"text-editor.default\">\n\t\t\t\t<div class=\"elementor-widget-container\">\n\t\t\t\t\t<div class=\"elementor-text-editor elementor-clearfix\"><p>En s\u00f3lo 5 minutos podr\u00e1s saber si est\u00e1s listo para adquirir el hogar de tus sue\u00f1os<\/p><\/div>\n\t\t\t\t<\/div>\n\t\t\t\t<\/div>\n\t\t\t\t\t\t<\/div>\n\t\t\t\t\t<\/div>\n\t\t<\/div>\n\t\t\t\t\t\t\t\t<\/div>\n\t\t\t\t\t<\/div>\n\t\t<\/section>\n\t\t\t\t<section class=\"elementor-section elementor-top-section elementor-element elementor-element-fe1be63 elementor-section-boxed elementor-section-height-default elementor-section-height-default\" data-id=\"fe1be63\" data-element_type=\"section\">\n\t\t\t\t\t\t<div class=\"elementor-container elementor-column-gap-default\">\n\t\t\t\t\t\t\t<div class=\"elementor-row\">\n\t\t\t\t\t<div class=\"elementor-column elementor-col-100 elementor-top-column elementor-element elementor-element-572eaf9\" data-id=\"572eaf9\" data-element_type=\"column\">\n\t\t\t<div class=\"elementor-column-wrap elementor-element-populated\">\n\t\t\t\t\t\t\t<div class=\"elementor-widget-wrap\">\n\t\t\t\t\t\t<div class=\"elementor-element elementor-element-87c56a5 elementor-widget elementor-widget-heading\" data-id=\"87c56a5\" data-element_type=\"widget\" data-widget_type=\"heading.default\">\n\t\t\t\t<div class=\"elementor-widget-container\">\n\t\t\t<h2 class=\"elementor-heading-title elementor-size-default\">Cumple tus sue\u00f1os con nosotros<\/h2>\t\t<\/div>\n\t\t\t\t<\/div>\n\t\t\t\t<div class=\"elementor-element elementor-element-74f2894 elementor-widget elementor-widget-text-editor\" data-id=\"74f2894\" data-element_type=\"widget\" data-widget_type=\"text-editor.default\">\n\t\t\t\t<div class=\"elementor-widget-container\">\n\t\t\t\t\t<div class=\"elementor-text-editor elementor-clearfix\"><p>Llena tus datos personales, laborales y en menos de 5 minutos obtendr\u00e1s tu diagn\u00f3stico en linea<\/p><\/div>\n\t\t\t\t<\/div>\n\t\t\t\t<\/div>\n\t\t\t\t\t\t<\/div>\n\t\t\t\t\t<\/div>\n\t\t<\/div>\n\t\t\t\t\t\t\t\t<\/div>\n\t\t\t\t\t<\/div>\n\t\t<\/section>\n\t\t\t\t<section class=\"elementor-section elementor-top-section elementor-element elementor-element-b742296 elementor-section-boxed elementor-section-height-default elementor-section-height-default\" data-id=\"b742296\" data-element_type=\"section\">\n\t\t\t\t\t\t<div class=\"elementor-container elementor-column-gap-default\">\n\t\t\t\t\t\t\t<div class=\"elementor-row\">\n\t\t\t\t\t<div class=\"elementor-column elementor-col-100 elementor-top-column elementor-element elementor-element-2f7bb7a\" data-id=\"2f7bb7a\" data-element_type=\"column\">\n\t\t\t<div class=\"elementor-column-wrap elementor-element-populated\">\n\t\t\t\t\t\t\t<div class=\"elementor-widget-wrap\">\n\t\t\t\t\t\t<div class=\"elementor-element elementor-element-7a7f25c elementor-widget elementor-widget-html\" data-id=\"7a7f25c\" data-element_type=\"widget\" data-widget_type=\"html.default\">\n\t\t\t\t<div class=\"elementor-widget-container\">\n\t\t\t\r\n<style>\r\n    .embed-container { position: relative; padding-bottom: 85%; height: 0; overflow: hidden; } .embed-container iframe { position: absolute; top:0; left: 0; width: 100%; height: 100%; } .hidelogo{ position: absolute; width: 150px; height: 40px; background: #222; right: 0px; bottom: 6px; z-index:999; display: block; color: #fff; }\r\n    \r\n      @media (max-width: 500px) {\r\n.embed-container {\r\n    position: relative;\r\n    padding-bottom: 900px;\r\n    height: 0;\r\n    overflow: hidden;\r\n}\r\n}\r\n\r\n    \r\n<\/style>\r\n<div class=\"embed-container\">\r\n  \r\n     <iframe  id=\"precalificador\"  width=\"560\"  src=\"https:\/\/hiponet.lahipotecaria.com\/simulador\/colombia\/?utm_source=Portal Inmobiliario&pg=precalificador\" frameborder=\"0\" allowfullscreen><\/iframe>\r\n<\/div>\t\t<\/div>\n\t\t\t\t<\/div>\n\t\t\t\t\t\t<\/div>\n\t\t\t\t\t<\/div>\n\t\t<\/div>\n\t\t\t\t\t\t\t\t<\/div>\n\t\t\t\t\t<\/div>\n\t\t<\/section>\n\t\t\t\t\t\t<\/div>\n\t\t\t\t\t\t<\/div>\n\t\t\t\t\t<\/div>\n\t\t","protected":false},"excerpt":{"rendered":"<p>Haz tu diagn\u00f3stico en linea En s\u00f3lo 5 minutos podr\u00e1s saber si est\u00e1s listo para adquirir el hogar de tus sue\u00f1os Cumple tus sue\u00f1os con nosotros Llena tus datos personales, laborales y en menos de 5 minutos obtendr\u00e1s tu diagn\u00f3stico en linea<\/p>\n","protected":false},"author":1,"featured_media":0,"parent":0,"menu_order":0,"comment_status":"closed","ping_status":"closed","template":"","meta":[],"_links":{"self":[{"href":"https:\/\/viviendas.lahipotecaria.com\/colombia\/wp-json\/wp\/v2\/pages\/18378"}],"collection":[{"href":"https:\/\/viviendas.lahipotecaria.com\/colombia\/wp-json\/wp\/v2\/pages"}],"about":[{"href":"https:\/\/viviendas.lahipotecaria.com\/colombia\/wp-json\/wp\/v2\/types\/page"}],"author":[{"embeddable":true,"href":"https:\/\/viviendas.lahipotecaria.com\/colombia\/wp-json\/wp\/v2\/users\/1"}],"replies":[{"embeddable":true,"href":"https:\/\/viviendas.lahipotecaria.com\/colombia\/wp-json\/wp\/v2\/comments?post=18378"}],"version-history":[{"count":12,"href":"https:\/\/viviendas.lahipotecaria.com\/colombia\/wp-json\/wp\/v2\/pages\/18378\/revisions"}],"predecessor-version":[{"id":21888,"href":"https:\/\/viviendas.lahipotecaria.com\/colombia\/wp-json\/wp\/v2\/pages\/18378\/revisions\/21888"}],"wp:attachment":[{"href":"https:\/\/viviendas.lahipotecaria.com\/colombia\/wp-json\/wp\/v2\/media?parent=18378"}],"curies":[{"name":"wp","href":"https:\/\/api.w.org\/{rel}","templated":true}]}}