{"id":18422,"date":"2020-11-23T20:08:55","date_gmt":"2020-11-23T20:08:55","guid":{"rendered":"https:\/\/lahipotecaria.com\/viviendas\/colombia\/?page_id=18422"},"modified":"2020-12-21T00:39:55","modified_gmt":"2020-12-21T00:39:55","slug":"calculadora","status":"publish","type":"page","link":"https:\/\/viviendas.lahipotecaria.com\/colombia\/calculadora\/","title":{"rendered":"Calculadora"},"content":{"rendered":"\t\t<div data-elementor-type=\"wp-page\" data-elementor-id=\"18422\" class=\"elementor elementor-18422\" data-elementor-settings=\"[]\">\n\t\t\t\t\t\t<div class=\"elementor-inner\">\n\t\t\t\t\t\t\t<div class=\"elementor-section-wrap\">\n\t\t\t\t\t\t\t<section class=\"elementor-section elementor-top-section elementor-element elementor-element-67277771 elementor-section-height-min-height elementor-section-boxed elementor-section-height-default elementor-section-items-middle\" data-id=\"67277771\" data-element_type=\"section\" data-settings=\"{&quot;background_background&quot;:&quot;classic&quot;}\">\n\t\t\t\t\t\t<div class=\"elementor-container elementor-column-gap-default\">\n\t\t\t\t\t\t\t<div class=\"elementor-row\">\n\t\t\t\t\t<div class=\"elementor-column elementor-col-100 elementor-top-column elementor-element elementor-element-972d272\" data-id=\"972d272\" data-element_type=\"column\" data-settings=\"{&quot;background_background&quot;:&quot;classic&quot;}\">\n\t\t\t<div class=\"elementor-column-wrap elementor-element-populated\">\n\t\t\t\t\t\t\t<div class=\"elementor-widget-wrap\">\n\t\t\t\t\t\t<div class=\"elementor-element elementor-element-d8f6bbc elementor-widget elementor-widget-heading\" data-id=\"d8f6bbc\" data-element_type=\"widget\" data-widget_type=\"heading.default\">\n\t\t\t\t<div class=\"elementor-widget-container\">\n\t\t\t<h2 class=\"elementor-heading-title elementor-size-default\">Calcula tu cuota mensual<\/h2>\t\t<\/div>\n\t\t\t\t<\/div>\n\t\t\t\t<div class=\"elementor-element elementor-element-4469c20 elementor-widget elementor-widget-text-editor\" data-id=\"4469c20\" data-element_type=\"widget\" data-widget_type=\"text-editor.default\">\n\t\t\t\t<div class=\"elementor-widget-container\">\n\t\t\t\t\t<div class=\"elementor-text-editor elementor-clearfix\"><p>Aqu\u00ed podr\u00e1s calcular tu letra mensual a pagar o monto m\u00e1ximo a financiar seg\u00fan tus ingresos<\/p><\/div>\n\t\t\t\t<\/div>\n\t\t\t\t<\/div>\n\t\t\t\t\t\t<\/div>\n\t\t\t\t\t<\/div>\n\t\t<\/div>\n\t\t\t\t\t\t\t\t<\/div>\n\t\t\t\t\t<\/div>\n\t\t<\/section>\n\t\t\t\t<section class=\"elementor-section elementor-top-section elementor-element elementor-element-e98498b elementor-section-boxed elementor-section-height-default elementor-section-height-default\" data-id=\"e98498b\" data-element_type=\"section\">\n\t\t\t\t\t\t<div class=\"elementor-container elementor-column-gap-default\">\n\t\t\t\t\t\t\t<div class=\"elementor-row\">\n\t\t\t\t\t<div class=\"elementor-column elementor-col-100 elementor-top-column elementor-element elementor-element-692cce7\" data-id=\"692cce7\" data-element_type=\"column\">\n\t\t\t<div class=\"elementor-column-wrap elementor-element-populated\">\n\t\t\t\t\t\t\t<div class=\"elementor-widget-wrap\">\n\t\t\t\t\t\t<div class=\"elementor-element elementor-element-e9f0671 elementor-widget elementor-widget-heading\" data-id=\"e9f0671\" data-element_type=\"widget\" data-widget_type=\"heading.default\">\n\t\t\t\t<div class=\"elementor-widget-container\">\n\t\t\t<h2 class=\"elementor-heading-title elementor-size-default\">Estas a un paso de cumplir tus sue\u00f1os<\/h2>\t\t<\/div>\n\t\t\t\t<\/div>\n\t\t\t\t<div class=\"elementor-element elementor-element-aac3727 elementor-widget elementor-widget-html\" data-id=\"aac3727\" data-element_type=\"widget\" data-widget_type=\"html.default\">\n\t\t\t\t<div class=\"elementor-widget-container\">\n\t\t\t<style>\r\n.embed-container {\r\n    position: relative;\r\n    padding-bottom: 50%;\r\n    height: 0;\r\n    overflow: hidden;\r\n\r\n}\r\n.embed-container iframe {\r\n    position: absolute;\r\n    top:0;\r\n    left: 0;\r\n    width: 100%;\r\n    height: 100%;\r\n}\r\n.hidelogo{\r\n    position: absolute;\r\n    width: 150px;\r\n    height: 40px;\r\n    background: #222;\r\n    right: 0px;\r\n    bottom: 6px;\r\n    z-index:999;\r\n    display: block;\r\n    color: #fff;\r\n}\r\n@media (max-width: 500px) {\r\n.embed-container {\r\n    position: relative;\r\n    padding-bottom: 700px;\r\n    height: 0;\r\n    overflow: hidden;\r\n}\r\n}\r\n<\/style>\r\n\r\n\r\n\r\n\r\n<div class=\"embed-container\">\r\n  \r\n     <iframe  id=\"calculadora\"  width=\"560\"  src=\"https:\/\/hiponet.lahipotecaria.com\/web\/Colombia\/calculadora-hipo.php?calculadora=iframe\" frameborder=\"0\" allowfullscreen><\/iframe>\r\n<\/div>\r\n\r\n\t\t<\/div>\n\t\t\t\t<\/div>\n\t\t\t\t\t\t<\/div>\n\t\t\t\t\t<\/div>\n\t\t<\/div>\n\t\t\t\t\t\t\t\t<\/div>\n\t\t\t\t\t<\/div>\n\t\t<\/section>\n\t\t\t\t<section class=\"elementor-section elementor-top-section elementor-element elementor-element-65e3789 elementor-section-boxed elementor-section-height-default elementor-section-height-default\" data-id=\"65e3789\" data-element_type=\"section\">\n\t\t\t\t\t\t<div class=\"elementor-container elementor-column-gap-default\">\n\t\t\t\t\t\t\t<div class=\"elementor-row\">\n\t\t\t\t\t\t\t\t\t<\/div>\n\t\t\t\t\t<\/div>\n\t\t<\/section>\n\t\t\t\t\t\t<\/div>\n\t\t\t\t\t\t<\/div>\n\t\t\t\t\t<\/div>\n\t\t","protected":false},"excerpt":{"rendered":"<p>Calcula tu cuota mensual Aqu\u00ed podr\u00e1s calcular tu letra mensual a pagar o monto m\u00e1ximo a financiar seg\u00fan tus ingresos Estas a un paso de cumplir tus sue\u00f1os<\/p>\n","protected":false},"author":1,"featured_media":0,"parent":0,"menu_order":0,"comment_status":"closed","ping_status":"closed","template":"","meta":[],"_links":{"self":[{"href":"https:\/\/viviendas.lahipotecaria.com\/colombia\/wp-json\/wp\/v2\/pages\/18422"}],"collection":[{"href":"https:\/\/viviendas.lahipotecaria.com\/colombia\/wp-json\/wp\/v2\/pages"}],"about":[{"href":"https:\/\/viviendas.lahipotecaria.com\/colombia\/wp-json\/wp\/v2\/types\/page"}],"author":[{"embeddable":true,"href":"https:\/\/viviendas.lahipotecaria.com\/colombia\/wp-json\/wp\/v2\/users\/1"}],"replies":[{"embeddable":true,"href":"https:\/\/viviendas.lahipotecaria.com\/colombia\/wp-json\/wp\/v2\/comments?post=18422"}],"version-history":[{"count":15,"href":"https:\/\/viviendas.lahipotecaria.com\/colombia\/wp-json\/wp\/v2\/pages\/18422\/revisions"}],"predecessor-version":[{"id":22087,"href":"https:\/\/viviendas.lahipotecaria.com\/colombia\/wp-json\/wp\/v2\/pages\/18422\/revisions\/22087"}],"wp:attachment":[{"href":"https:\/\/viviendas.lahipotecaria.com\/colombia\/wp-json\/wp\/v2\/media?parent=18422"}],"curies":[{"name":"wp","href":"https:\/\/api.w.org\/{rel}","templated":true}]}}